{"id":15107,"date":"2026-04-19T09:34:35","date_gmt":"2026-04-19T09:34:35","guid":{"rendered":"https:\/\/shop.hostafarm.ch\/?post_type=product&#038;p=15107"},"modified":"2026-04-19T09:40:22","modified_gmt":"2026-04-19T09:40:22","slug":"hosta-queen-josephine","status":"publish","type":"product","link":"https:\/\/shop.hostafarm.ch\/index.php\/produkt\/hosta-queen-josephine\/","title":{"rendered":"Hosta Queen Josephine"},"content":{"rendered":"","protected":false},"excerpt":{"rendered":"<p><span id=\"Omschrijving\">Steifes, gl\u00e4nzend dunkelgr\u00fcnes Blatt mit sch\u00f6nem, gelbem Rand, der sp\u00e4ter cremefarben wird<\/span><\/p>\n<p>Auffallend gl\u00e4nzende Bl\u00e4tter<br \/>\nGr\u00f6sse 30 &#8211; 50 cm<br \/>\nbl\u00fcht lila<br \/>\nVoll- bis Halbschatten, vertr\u00e4gt auch Sonne.<\/p>\n<p>f.<\/p>\n","protected":false},"featured_media":15112,"comment_status":"open","ping_status":"closed","template":"","meta":[],"product_brand":[],"product_cat":[158,149,156,141,147,136,162,146],"product_tag":[],"class_list":{"0":"post-15107","1":"product","2":"type-product","3":"status-publish","4":"has-post-thumbnail","6":"product_cat-blueht-lila","7":"product_cat-gelber-blattrand","8":"product_cat-glaenzendes-blatt","9":"product_cat-hosta-mit-gelbem-zentrum","10":"product_cat-mehrfarbige-blaetter","11":"product_cat-mittelgrosse-hostas","12":"product_cat-sonnenvertraeglich","13":"product_cat-zweifarbige-hostas","15":"first","16":"instock","17":"shipping-taxable","18":"purchasable","19":"product-type-simple"},"_links":{"self":[{"href":"https:\/\/shop.hostafarm.ch\/index.php\/wp-json\/wp\/v2\/product\/15107","targetHints":{"allow":["GET"]}}],"collection":[{"href":"https:\/\/shop.hostafarm.ch\/index.php\/wp-json\/wp\/v2\/product"}],"about":[{"href":"https:\/\/shop.hostafarm.ch\/index.php\/wp-json\/wp\/v2\/types\/product"}],"replies":[{"embeddable":true,"href":"https:\/\/shop.hostafarm.ch\/index.php\/wp-json\/wp\/v2\/comments?post=15107"}],"version-history":[{"count":1,"href":"https:\/\/shop.hostafarm.ch\/index.php\/wp-json\/wp\/v2\/product\/15107\/revisions"}],"predecessor-version":[{"id":15113,"href":"https:\/\/shop.hostafarm.ch\/index.php\/wp-json\/wp\/v2\/product\/15107\/revisions\/15113"}],"wp:featuredmedia":[{"embeddable":true,"href":"https:\/\/shop.hostafarm.ch\/index.php\/wp-json\/wp\/v2\/media\/15112"}],"wp:attachment":[{"href":"https:\/\/shop.hostafarm.ch\/index.php\/wp-json\/wp\/v2\/media?parent=15107"}],"wp:term":[{"taxonomy":"product_brand","embeddable":true,"href":"https:\/\/shop.hostafarm.ch\/index.php\/wp-json\/wp\/v2\/product_brand?post=15107"},{"taxonomy":"product_cat","embeddable":true,"href":"https:\/\/shop.hostafarm.ch\/index.php\/wp-json\/wp\/v2\/product_cat?post=15107"},{"taxonomy":"product_tag","embeddable":true,"href":"https:\/\/shop.hostafarm.ch\/index.php\/wp-json\/wp\/v2\/product_tag?post=15107"}],"curies":[{"name":"wp","href":"https:\/\/api.w.org\/{rel}","templated":true}]}}