{"id":15028,"date":"2025-07-25T07:50:37","date_gmt":"2025-07-25T07:50:37","guid":{"rendered":"https:\/\/shop.hostafarm.ch\/?post_type=product&#038;p=15028"},"modified":"2026-03-31T08:24:16","modified_gmt":"2026-03-31T08:24:16","slug":"hosta-sun-power","status":"publish","type":"product","link":"https:\/\/shop.hostafarm.ch\/index.php\/produkt\/hosta-sun-power\/","title":{"rendered":"Hosta &#8218;Sun Power&#8216;"},"content":{"rendered":"","protected":false},"excerpt":{"rendered":"<p>L\u00e4ngliche, von gr\u00fcn nach gelb verf\u00e4rbende Bl\u00e4tter, aufrechter Wuchs.<br \/>\nZiemlich sonnenvertr\u00e4glich.<br \/>\nGr\u00f6sse 60 &#8211; 70 cm,<br \/>\nSie bl\u00fcht blass-lila.<br \/>\nStandort: Halb- bis Vollschatten.<br \/>\nWird wurzelnackt versendet.<br \/>\nKultiviert im 5-Litertopf.<\/p>\n","protected":false},"featured_media":15031,"comment_status":"open","ping_status":"closed","template":"","meta":[],"product_brand":[],"product_cat":[158,160,150,161,162],"product_tag":[],"class_list":{"0":"post-15028","1":"product","2":"type-product","3":"status-publish","4":"has-post-thumbnail","6":"product_cat-blueht-lila","7":"product_cat-gelbe-hosta","8":"product_cat-gruene-hosta","9":"product_cat-mittelgrosse-hosta","10":"product_cat-sonnenvertraeglich","12":"first","13":"instock","14":"shipping-taxable","15":"purchasable","16":"product-type-simple"},"_links":{"self":[{"href":"https:\/\/shop.hostafarm.ch\/index.php\/wp-json\/wp\/v2\/product\/15028","targetHints":{"allow":["GET"]}}],"collection":[{"href":"https:\/\/shop.hostafarm.ch\/index.php\/wp-json\/wp\/v2\/product"}],"about":[{"href":"https:\/\/shop.hostafarm.ch\/index.php\/wp-json\/wp\/v2\/types\/product"}],"replies":[{"embeddable":true,"href":"https:\/\/shop.hostafarm.ch\/index.php\/wp-json\/wp\/v2\/comments?post=15028"}],"version-history":[{"count":1,"href":"https:\/\/shop.hostafarm.ch\/index.php\/wp-json\/wp\/v2\/product\/15028\/revisions"}],"predecessor-version":[{"id":15032,"href":"https:\/\/shop.hostafarm.ch\/index.php\/wp-json\/wp\/v2\/product\/15028\/revisions\/15032"}],"wp:featuredmedia":[{"embeddable":true,"href":"https:\/\/shop.hostafarm.ch\/index.php\/wp-json\/wp\/v2\/media\/15031"}],"wp:attachment":[{"href":"https:\/\/shop.hostafarm.ch\/index.php\/wp-json\/wp\/v2\/media?parent=15028"}],"wp:term":[{"taxonomy":"product_brand","embeddable":true,"href":"https:\/\/shop.hostafarm.ch\/index.php\/wp-json\/wp\/v2\/product_brand?post=15028"},{"taxonomy":"product_cat","embeddable":true,"href":"https:\/\/shop.hostafarm.ch\/index.php\/wp-json\/wp\/v2\/product_cat?post=15028"},{"taxonomy":"product_tag","embeddable":true,"href":"https:\/\/shop.hostafarm.ch\/index.php\/wp-json\/wp\/v2\/product_tag?post=15028"}],"curies":[{"name":"wp","href":"https:\/\/api.w.org\/{rel}","templated":true}]}}