{"id":15018,"date":"2025-07-24T08:29:02","date_gmt":"2025-07-24T08:29:02","guid":{"rendered":"https:\/\/shop.hostafarm.ch\/?post_type=product&#038;p=15018"},"modified":"2025-07-24T08:35:57","modified_gmt":"2025-07-24T08:35:57","slug":"septembersun","status":"publish","type":"product","link":"https:\/\/shop.hostafarm.ch\/index.php\/produkt\/septembersun\/","title":{"rendered":"Hosta &#8218;September Sun&#8216;"},"content":{"rendered":"","protected":false},"excerpt":{"rendered":"<p>Gelbe Bl\u00e4tter mit gr\u00fcnem Blattrand, Blatt geh\u00e4mmert.<br \/>\nGr\u00f6sse 60 &#8211; 70 cm,<br \/>\nSie bl\u00fcht blass-lila.<br \/>\nStandort: Halb- bis Vollschatten.<br \/>\nWird wurzelnackt versendet.<br \/>\nKultiviert im 5-Litertopf.<\/p>\n","protected":false},"featured_media":15019,"comment_status":"open","ping_status":"closed","template":"","meta":[],"product_brand":[],"product_cat":[158,160,138,150,141,152,147,136,153,146],"product_tag":[],"class_list":{"0":"post-15018","1":"product","2":"type-product","3":"status-publish","4":"has-post-thumbnail","6":"product_cat-blueht-lila","7":"product_cat-gelbe-hosta","8":"product_cat-grosse-hostas","9":"product_cat-gruene-hosta","10":"product_cat-hosta-mit-gelbem-zentrum","11":"product_cat-hosta-mit-gruenem-rand","12":"product_cat-mehrfarbige-blaetter","13":"product_cat-mittelgrosse-hostas","14":"product_cat-stark-gehaemmert","15":"product_cat-zweifarbige-hostas","17":"first","18":"instock","19":"shipping-taxable","20":"purchasable","21":"product-type-simple"},"_links":{"self":[{"href":"https:\/\/shop.hostafarm.ch\/index.php\/wp-json\/wp\/v2\/product\/15018","targetHints":{"allow":["GET"]}}],"collection":[{"href":"https:\/\/shop.hostafarm.ch\/index.php\/wp-json\/wp\/v2\/product"}],"about":[{"href":"https:\/\/shop.hostafarm.ch\/index.php\/wp-json\/wp\/v2\/types\/product"}],"replies":[{"embeddable":true,"href":"https:\/\/shop.hostafarm.ch\/index.php\/wp-json\/wp\/v2\/comments?post=15018"}],"version-history":[{"count":1,"href":"https:\/\/shop.hostafarm.ch\/index.php\/wp-json\/wp\/v2\/product\/15018\/revisions"}],"predecessor-version":[{"id":15022,"href":"https:\/\/shop.hostafarm.ch\/index.php\/wp-json\/wp\/v2\/product\/15018\/revisions\/15022"}],"wp:featuredmedia":[{"embeddable":true,"href":"https:\/\/shop.hostafarm.ch\/index.php\/wp-json\/wp\/v2\/media\/15019"}],"wp:attachment":[{"href":"https:\/\/shop.hostafarm.ch\/index.php\/wp-json\/wp\/v2\/media?parent=15018"}],"wp:term":[{"taxonomy":"product_brand","embeddable":true,"href":"https:\/\/shop.hostafarm.ch\/index.php\/wp-json\/wp\/v2\/product_brand?post=15018"},{"taxonomy":"product_cat","embeddable":true,"href":"https:\/\/shop.hostafarm.ch\/index.php\/wp-json\/wp\/v2\/product_cat?post=15018"},{"taxonomy":"product_tag","embeddable":true,"href":"https:\/\/shop.hostafarm.ch\/index.php\/wp-json\/wp\/v2\/product_tag?post=15018"}],"curies":[{"name":"wp","href":"https:\/\/api.w.org\/{rel}","templated":true}]}}