{"id":15012,"date":"2025-07-24T08:20:12","date_gmt":"2025-07-24T08:20:12","guid":{"rendered":"https:\/\/shop.hostafarm.ch\/?post_type=product&#038;p=15012"},"modified":"2025-07-24T08:28:35","modified_gmt":"2025-07-24T08:28:35","slug":"frrangodfrey","status":"publish","type":"product","link":"https:\/\/shop.hostafarm.ch\/index.php\/produkt\/frrangodfrey\/","title":{"rendered":"Hosta &#8218;Fran Godfrey&#8216;"},"content":{"rendered":"","protected":false},"excerpt":{"rendered":"<p>Gro\u00dfes, gr\u00fcnes, nach gelb verf\u00e4rbendes Blatt mit gr\u00fcnem Rand<br \/>\nGr\u00f6sse 100 &#8211; 120 cm,<br \/>\nPr\u00e4chtige Erscheinung.<br \/>\nSie bl\u00fcht blass-lila.<br \/>\nStandort: Halb- bis Vollschatten.<br \/>\nWird wurzelnackt versendet.<br \/>\nKultiviert im 5-Litertopf.<\/p>\n","protected":false},"featured_media":15013,"comment_status":"open","ping_status":"closed","template":"","meta":[],"product_brand":[],"product_cat":[158,151,160,138,150,141,152,147],"product_tag":[],"class_list":{"0":"post-15012","1":"product","2":"type-product","3":"status-publish","4":"has-post-thumbnail","6":"product_cat-blueht-lila","7":"product_cat-extra-grosse-hosta","8":"product_cat-gelbe-hosta","9":"product_cat-grosse-hostas","10":"product_cat-gruene-hosta","11":"product_cat-hosta-mit-gelbem-zentrum","12":"product_cat-hosta-mit-gruenem-rand","13":"product_cat-mehrfarbige-blaetter","15":"first","16":"instock","17":"shipping-taxable","18":"purchasable","19":"product-type-simple"},"_links":{"self":[{"href":"https:\/\/shop.hostafarm.ch\/index.php\/wp-json\/wp\/v2\/product\/15012","targetHints":{"allow":["GET"]}}],"collection":[{"href":"https:\/\/shop.hostafarm.ch\/index.php\/wp-json\/wp\/v2\/product"}],"about":[{"href":"https:\/\/shop.hostafarm.ch\/index.php\/wp-json\/wp\/v2\/types\/product"}],"replies":[{"embeddable":true,"href":"https:\/\/shop.hostafarm.ch\/index.php\/wp-json\/wp\/v2\/comments?post=15012"}],"version-history":[{"count":1,"href":"https:\/\/shop.hostafarm.ch\/index.php\/wp-json\/wp\/v2\/product\/15012\/revisions"}],"predecessor-version":[{"id":15017,"href":"https:\/\/shop.hostafarm.ch\/index.php\/wp-json\/wp\/v2\/product\/15012\/revisions\/15017"}],"wp:featuredmedia":[{"embeddable":true,"href":"https:\/\/shop.hostafarm.ch\/index.php\/wp-json\/wp\/v2\/media\/15013"}],"wp:attachment":[{"href":"https:\/\/shop.hostafarm.ch\/index.php\/wp-json\/wp\/v2\/media?parent=15012"}],"wp:term":[{"taxonomy":"product_brand","embeddable":true,"href":"https:\/\/shop.hostafarm.ch\/index.php\/wp-json\/wp\/v2\/product_brand?post=15012"},{"taxonomy":"product_cat","embeddable":true,"href":"https:\/\/shop.hostafarm.ch\/index.php\/wp-json\/wp\/v2\/product_cat?post=15012"},{"taxonomy":"product_tag","embeddable":true,"href":"https:\/\/shop.hostafarm.ch\/index.php\/wp-json\/wp\/v2\/product_tag?post=15012"}],"curies":[{"name":"wp","href":"https:\/\/api.w.org\/{rel}","templated":true}]}}