{"id":14992,"date":"2025-07-21T18:04:19","date_gmt":"2025-07-21T18:04:19","guid":{"rendered":"https:\/\/shop.hostafarm.ch\/?post_type=product&#038;p=14992"},"modified":"2025-07-21T18:10:03","modified_gmt":"2025-07-21T18:10:03","slug":"lakeside-dragonfly","status":"publish","type":"product","link":"https:\/\/shop.hostafarm.ch\/index.php\/produkt\/lakeside-dragonfly\/","title":{"rendered":"Hosta &#8218;Lakeside Dragonfly&#8216;"},"content":{"rendered":"","protected":false},"excerpt":{"rendered":"<p>L\u00e4ngliches gr\u00fcnes Blatt mit breitem gelben Rand, sp\u00e4ter cremefarben.<br \/>\nGr\u00f6sse 35 &#8211; 40 cm,<br \/>\nSie bl\u00fcht lila.<br \/>\nStandort: Halb- bis Vollschatten.<br \/>\nWird wurzelnackt versendet.<br \/>\nKultiviert im 5-Litertopf.<\/p>\n","protected":false},"featured_media":14994,"comment_status":"open","ping_status":"closed","template":"","meta":[],"product_brand":[],"product_cat":[158,149,147,146],"product_tag":[],"class_list":{"0":"post-14992","1":"product","2":"type-product","3":"status-publish","4":"has-post-thumbnail","6":"product_cat-blueht-lila","7":"product_cat-gelber-blattrand","8":"product_cat-mehrfarbige-blaetter","9":"product_cat-zweifarbige-hostas","11":"first","12":"instock","13":"shipping-taxable","14":"purchasable","15":"product-type-simple"},"_links":{"self":[{"href":"https:\/\/shop.hostafarm.ch\/index.php\/wp-json\/wp\/v2\/product\/14992","targetHints":{"allow":["GET"]}}],"collection":[{"href":"https:\/\/shop.hostafarm.ch\/index.php\/wp-json\/wp\/v2\/product"}],"about":[{"href":"https:\/\/shop.hostafarm.ch\/index.php\/wp-json\/wp\/v2\/types\/product"}],"replies":[{"embeddable":true,"href":"https:\/\/shop.hostafarm.ch\/index.php\/wp-json\/wp\/v2\/comments?post=14992"}],"version-history":[{"count":2,"href":"https:\/\/shop.hostafarm.ch\/index.php\/wp-json\/wp\/v2\/product\/14992\/revisions"}],"predecessor-version":[{"id":14996,"href":"https:\/\/shop.hostafarm.ch\/index.php\/wp-json\/wp\/v2\/product\/14992\/revisions\/14996"}],"wp:featuredmedia":[{"embeddable":true,"href":"https:\/\/shop.hostafarm.ch\/index.php\/wp-json\/wp\/v2\/media\/14994"}],"wp:attachment":[{"href":"https:\/\/shop.hostafarm.ch\/index.php\/wp-json\/wp\/v2\/media?parent=14992"}],"wp:term":[{"taxonomy":"product_brand","embeddable":true,"href":"https:\/\/shop.hostafarm.ch\/index.php\/wp-json\/wp\/v2\/product_brand?post=14992"},{"taxonomy":"product_cat","embeddable":true,"href":"https:\/\/shop.hostafarm.ch\/index.php\/wp-json\/wp\/v2\/product_cat?post=14992"},{"taxonomy":"product_tag","embeddable":true,"href":"https:\/\/shop.hostafarm.ch\/index.php\/wp-json\/wp\/v2\/product_tag?post=14992"}],"curies":[{"name":"wp","href":"https:\/\/api.w.org\/{rel}","templated":true}]}}