{"id":14942,"date":"2025-07-21T09:20:47","date_gmt":"2025-07-21T09:20:47","guid":{"rendered":"https:\/\/shop.hostafarm.ch\/?post_type=product&#038;p=14942"},"modified":"2025-07-21T09:33:43","modified_gmt":"2025-07-21T09:33:43","slug":"lakesidepaisleyprint","status":"publish","type":"product","link":"https:\/\/shop.hostafarm.ch\/index.php\/produkt\/lakesidepaisleyprint\/","title":{"rendered":"Hosta &#8218;Lakeside Paisley Print&#8216;"},"content":{"rendered":"","protected":false},"excerpt":{"rendered":"<p>Die Hosta Lakeside Paisley Print hat ovale, gew\u00f6lbte, gelbe Bl\u00e4tter mit unregelm\u00e4ssigem gr\u00fcnem Blattrand.<br \/>\nDas geflammte Zentrum verleiht der Hosta einen besonderen Charakter.<br \/>\nMittelgrosse Hosta, H\u00f6he 40 &#8211; 50 cm,<br \/>\nSie bl\u00fcht lila.<br \/>\nStandort: Halb- bis Vollschatten.<br \/>\nWird wurzelnackt versendet.<br \/>\nKultiviert im 5-Litertopf.<\/p>\n","protected":false},"featured_media":14943,"comment_status":"open","ping_status":"closed","template":"","meta":[],"product_brand":[],"product_cat":[154,141,152,136,146],"product_tag":[],"class_list":{"0":"post-14942","1":"product","2":"type-product","3":"status-publish","4":"has-post-thumbnail","6":"product_cat-geflammtes-zentrum","7":"product_cat-hosta-mit-gelbem-zentrum","8":"product_cat-hosta-mit-gruenem-rand","9":"product_cat-mittelgrosse-hostas","10":"product_cat-zweifarbige-hostas","12":"first","13":"instock","14":"shipping-taxable","15":"purchasable","16":"product-type-simple"},"_links":{"self":[{"href":"https:\/\/shop.hostafarm.ch\/index.php\/wp-json\/wp\/v2\/product\/14942","targetHints":{"allow":["GET"]}}],"collection":[{"href":"https:\/\/shop.hostafarm.ch\/index.php\/wp-json\/wp\/v2\/product"}],"about":[{"href":"https:\/\/shop.hostafarm.ch\/index.php\/wp-json\/wp\/v2\/types\/product"}],"replies":[{"embeddable":true,"href":"https:\/\/shop.hostafarm.ch\/index.php\/wp-json\/wp\/v2\/comments?post=14942"}],"version-history":[{"count":2,"href":"https:\/\/shop.hostafarm.ch\/index.php\/wp-json\/wp\/v2\/product\/14942\/revisions"}],"predecessor-version":[{"id":14947,"href":"https:\/\/shop.hostafarm.ch\/index.php\/wp-json\/wp\/v2\/product\/14942\/revisions\/14947"}],"wp:featuredmedia":[{"embeddable":true,"href":"https:\/\/shop.hostafarm.ch\/index.php\/wp-json\/wp\/v2\/media\/14943"}],"wp:attachment":[{"href":"https:\/\/shop.hostafarm.ch\/index.php\/wp-json\/wp\/v2\/media?parent=14942"}],"wp:term":[{"taxonomy":"product_brand","embeddable":true,"href":"https:\/\/shop.hostafarm.ch\/index.php\/wp-json\/wp\/v2\/product_brand?post=14942"},{"taxonomy":"product_cat","embeddable":true,"href":"https:\/\/shop.hostafarm.ch\/index.php\/wp-json\/wp\/v2\/product_cat?post=14942"},{"taxonomy":"product_tag","embeddable":true,"href":"https:\/\/shop.hostafarm.ch\/index.php\/wp-json\/wp\/v2\/product_tag?post=14942"}],"curies":[{"name":"wp","href":"https:\/\/api.w.org\/{rel}","templated":true}]}}