{"id":14840,"date":"2025-06-24T13:25:51","date_gmt":"2025-06-24T13:25:51","guid":{"rendered":"https:\/\/shop.hostafarm.ch\/?post_type=product&#038;p=14840"},"modified":"2026-03-31T08:29:58","modified_gmt":"2026-03-31T08:29:58","slug":"eye-declare-2","status":"publish","type":"product","link":"https:\/\/shop.hostafarm.ch\/index.php\/produkt\/eye-declare-2\/","title":{"rendered":"Hosta \u201aEye Declare\u2018"},"content":{"rendered":"","protected":false},"excerpt":{"rendered":"<p>Leuchtend gelbes Blatt mit gr\u00fcnem Rand, verf\u00e4rbt sp\u00e4ter nach hellgr\u00fcn, ein Sport von &#8218;Sea Fire&#8216;.<\/p>\n<p>H\u00f6he ca 40-50 cm.<br \/>\nBl\u00fcht lila.<br \/>\nHalb- bis Vollschatten<br \/>\nWird wurzelnackt geliefert,<br \/>\nkultiviert im 5-Liter-Topf.<\/p>\n","protected":false},"featured_media":14847,"comment_status":"open","ping_status":"closed","template":"","meta":[],"product_brand":[],"product_cat":[152,147,136,146],"product_tag":[],"class_list":{"0":"post-14840","1":"product","2":"type-product","3":"status-publish","4":"has-post-thumbnail","6":"product_cat-hosta-mit-gruenem-rand","7":"product_cat-mehrfarbige-blaetter","8":"product_cat-mittelgrosse-hostas","9":"product_cat-zweifarbige-hostas","11":"first","12":"instock","13":"shipping-taxable","14":"purchasable","15":"product-type-simple"},"_links":{"self":[{"href":"https:\/\/shop.hostafarm.ch\/index.php\/wp-json\/wp\/v2\/product\/14840","targetHints":{"allow":["GET"]}}],"collection":[{"href":"https:\/\/shop.hostafarm.ch\/index.php\/wp-json\/wp\/v2\/product"}],"about":[{"href":"https:\/\/shop.hostafarm.ch\/index.php\/wp-json\/wp\/v2\/types\/product"}],"replies":[{"embeddable":true,"href":"https:\/\/shop.hostafarm.ch\/index.php\/wp-json\/wp\/v2\/comments?post=14840"}],"version-history":[{"count":4,"href":"https:\/\/shop.hostafarm.ch\/index.php\/wp-json\/wp\/v2\/product\/14840\/revisions"}],"predecessor-version":[{"id":14845,"href":"https:\/\/shop.hostafarm.ch\/index.php\/wp-json\/wp\/v2\/product\/14840\/revisions\/14845"}],"wp:featuredmedia":[{"embeddable":true,"href":"https:\/\/shop.hostafarm.ch\/index.php\/wp-json\/wp\/v2\/media\/14847"}],"wp:attachment":[{"href":"https:\/\/shop.hostafarm.ch\/index.php\/wp-json\/wp\/v2\/media?parent=14840"}],"wp:term":[{"taxonomy":"product_brand","embeddable":true,"href":"https:\/\/shop.hostafarm.ch\/index.php\/wp-json\/wp\/v2\/product_brand?post=14840"},{"taxonomy":"product_cat","embeddable":true,"href":"https:\/\/shop.hostafarm.ch\/index.php\/wp-json\/wp\/v2\/product_cat?post=14840"},{"taxonomy":"product_tag","embeddable":true,"href":"https:\/\/shop.hostafarm.ch\/index.php\/wp-json\/wp\/v2\/product_tag?post=14840"}],"curies":[{"name":"wp","href":"https:\/\/api.w.org\/{rel}","templated":true}]}}