{"id":14829,"date":"2025-06-24T13:50:18","date_gmt":"2025-06-24T13:50:18","guid":{"rendered":"https:\/\/shop.hostafarm.ch\/?post_type=product&#038;p=14829"},"modified":"2025-06-24T13:57:05","modified_gmt":"2025-06-24T13:57:05","slug":"whirlewind","status":"publish","type":"product","link":"https:\/\/shop.hostafarm.ch\/index.php\/produkt\/whirlewind\/","title":{"rendered":"Hosta &#8218;Whirlewind&#8216;"},"content":{"rendered":"","protected":false},"excerpt":{"rendered":"<p>Rundes, gew\u00f6lbtes und gepr\u00e4gtes, blaues Blatt,.<br \/>\nPr\u00e4chtige und popul\u00e4re sieboldiana Auslese.<\/p>\n<p>Big Daddy hat blaue Bl\u00e4tter und ist eine gro\u00dfe Hosta mit wei\u00dflichen Bl\u00fcten.<br \/>\nHalbschatten bis Vollschatten.<br \/>\nH\u00f6he 65 bis70 cm.<br \/>\nMittleres Wachstum.<\/p>\n<p>Wird wurzelnackt geliefert,<br \/>\nkultiviert im 5-Liter-Topf.<\/p>\n","protected":false},"featured_media":14854,"comment_status":"open","ping_status":"closed","template":"","meta":[],"product_brand":[],"product_cat":[138,141,136,146],"product_tag":[],"class_list":{"0":"post-14829","1":"product","2":"type-product","3":"status-publish","4":"has-post-thumbnail","6":"product_cat-grosse-hostas","7":"product_cat-hosta-mit-gelbem-zentrum","8":"product_cat-mittelgrosse-hostas","9":"product_cat-zweifarbige-hostas","11":"first","12":"instock","13":"shipping-taxable","14":"purchasable","15":"product-type-simple"},"_links":{"self":[{"href":"https:\/\/shop.hostafarm.ch\/index.php\/wp-json\/wp\/v2\/product\/14829","targetHints":{"allow":["GET"]}}],"collection":[{"href":"https:\/\/shop.hostafarm.ch\/index.php\/wp-json\/wp\/v2\/product"}],"about":[{"href":"https:\/\/shop.hostafarm.ch\/index.php\/wp-json\/wp\/v2\/types\/product"}],"replies":[{"embeddable":true,"href":"https:\/\/shop.hostafarm.ch\/index.php\/wp-json\/wp\/v2\/comments?post=14829"}],"version-history":[{"count":1,"href":"https:\/\/shop.hostafarm.ch\/index.php\/wp-json\/wp\/v2\/product\/14829\/revisions"}],"predecessor-version":[{"id":14830,"href":"https:\/\/shop.hostafarm.ch\/index.php\/wp-json\/wp\/v2\/product\/14829\/revisions\/14830"}],"wp:featuredmedia":[{"embeddable":true,"href":"https:\/\/shop.hostafarm.ch\/index.php\/wp-json\/wp\/v2\/media\/14854"}],"wp:attachment":[{"href":"https:\/\/shop.hostafarm.ch\/index.php\/wp-json\/wp\/v2\/media?parent=14829"}],"wp:term":[{"taxonomy":"product_brand","embeddable":true,"href":"https:\/\/shop.hostafarm.ch\/index.php\/wp-json\/wp\/v2\/product_brand?post=14829"},{"taxonomy":"product_cat","embeddable":true,"href":"https:\/\/shop.hostafarm.ch\/index.php\/wp-json\/wp\/v2\/product_cat?post=14829"},{"taxonomy":"product_tag","embeddable":true,"href":"https:\/\/shop.hostafarm.ch\/index.php\/wp-json\/wp\/v2\/product_tag?post=14829"}],"curies":[{"name":"wp","href":"https:\/\/api.w.org\/{rel}","templated":true}]}}