{"id":14793,"date":"2025-06-23T14:02:03","date_gmt":"2025-06-23T14:02:03","guid":{"rendered":"https:\/\/shop.hostafarm.ch\/?post_type=product&#038;p=14793"},"modified":"2025-06-24T12:27:48","modified_gmt":"2025-06-24T12:27:48","slug":"christmas-candy","status":"publish","type":"product","link":"https:\/\/shop.hostafarm.ch\/index.php\/produkt\/christmas-candy\/","title":{"rendered":"Hosta &#8218;Christmas Candy&#8216;"},"content":{"rendered":"","protected":false},"excerpt":{"rendered":"<p>Christmas Candy hat weisse Bl\u00e4tter mit unregelm\u00e4ssig gr\u00fcnem Blattrand.<br \/>\nMittelgrosse Hosta.<br \/>\nBl\u00fcht Juni bis Juli, blasslila.<br \/>\nH\u00f6he ca 50 cm.<\/p>\n<p>Wird wurzelnackt versendet.<br \/>\nKultiviert im 5-Litertopf.<\/p>\n","protected":false},"featured_media":14796,"comment_status":"open","ping_status":"closed","template":"","meta":[],"product_brand":[],"product_cat":[138,139,136,146],"product_tag":[],"class_list":{"0":"post-14793","1":"product","2":"type-product","3":"status-publish","4":"has-post-thumbnail","6":"product_cat-grosse-hostas","7":"product_cat-hosta-weisses-zentrum","8":"product_cat-mittelgrosse-hostas","9":"product_cat-zweifarbige-hostas","11":"first","12":"instock","13":"sale","14":"shipping-taxable","15":"purchasable","16":"product-type-simple"},"_links":{"self":[{"href":"https:\/\/shop.hostafarm.ch\/index.php\/wp-json\/wp\/v2\/product\/14793","targetHints":{"allow":["GET"]}}],"collection":[{"href":"https:\/\/shop.hostafarm.ch\/index.php\/wp-json\/wp\/v2\/product"}],"about":[{"href":"https:\/\/shop.hostafarm.ch\/index.php\/wp-json\/wp\/v2\/types\/product"}],"replies":[{"embeddable":true,"href":"https:\/\/shop.hostafarm.ch\/index.php\/wp-json\/wp\/v2\/comments?post=14793"}],"version-history":[{"count":6,"href":"https:\/\/shop.hostafarm.ch\/index.php\/wp-json\/wp\/v2\/product\/14793\/revisions"}],"predecessor-version":[{"id":14797,"href":"https:\/\/shop.hostafarm.ch\/index.php\/wp-json\/wp\/v2\/product\/14793\/revisions\/14797"}],"wp:featuredmedia":[{"embeddable":true,"href":"https:\/\/shop.hostafarm.ch\/index.php\/wp-json\/wp\/v2\/media\/14796"}],"wp:attachment":[{"href":"https:\/\/shop.hostafarm.ch\/index.php\/wp-json\/wp\/v2\/media?parent=14793"}],"wp:term":[{"taxonomy":"product_brand","embeddable":true,"href":"https:\/\/shop.hostafarm.ch\/index.php\/wp-json\/wp\/v2\/product_brand?post=14793"},{"taxonomy":"product_cat","embeddable":true,"href":"https:\/\/shop.hostafarm.ch\/index.php\/wp-json\/wp\/v2\/product_cat?post=14793"},{"taxonomy":"product_tag","embeddable":true,"href":"https:\/\/shop.hostafarm.ch\/index.php\/wp-json\/wp\/v2\/product_tag?post=14793"}],"curies":[{"name":"wp","href":"https:\/\/api.w.org\/{rel}","templated":true}]}}