{"id":14587,"date":"2024-06-27T13:54:10","date_gmt":"2024-06-27T13:54:10","guid":{"rendered":"https:\/\/shop.hostafarm.ch\/?post_type=product&#038;p=14587"},"modified":"2025-06-24T12:46:52","modified_gmt":"2025-06-24T12:46:52","slug":"hosta-pauls-glory","status":"publish","type":"product","link":"https:\/\/shop.hostafarm.ch\/index.php\/produkt\/hosta-pauls-glory\/","title":{"rendered":"Hosta Pauls Glory"},"content":{"rendered":"","protected":false},"excerpt":{"rendered":"<p>Herzf\u00f6rmiges, gr\u00fcnes Blatt, sp\u00e4ter gelb mit blaugr\u00fcnem Rand, sehr markante und eindrucksvolle Hosta.<br \/>\nH\u00f6he 60-70 cm<br \/>\nBl\u00fcte: Lavendelfarbig<br \/>\nStandort: halbschattig bis schattig<\/p>\n","protected":false},"featured_media":14588,"comment_status":"open","ping_status":"closed","template":"","meta":[],"product_brand":[],"product_cat":[138,139,136,146],"product_tag":[],"class_list":{"0":"post-14587","1":"product","2":"type-product","3":"status-publish","4":"has-post-thumbnail","6":"product_cat-grosse-hostas","7":"product_cat-hosta-weisses-zentrum","8":"product_cat-mittelgrosse-hostas","9":"product_cat-zweifarbige-hostas","11":"first","12":"instock","13":"sale","14":"shipping-taxable","15":"purchasable","16":"product-type-simple"},"_links":{"self":[{"href":"https:\/\/shop.hostafarm.ch\/index.php\/wp-json\/wp\/v2\/product\/14587","targetHints":{"allow":["GET"]}}],"collection":[{"href":"https:\/\/shop.hostafarm.ch\/index.php\/wp-json\/wp\/v2\/product"}],"about":[{"href":"https:\/\/shop.hostafarm.ch\/index.php\/wp-json\/wp\/v2\/types\/product"}],"replies":[{"embeddable":true,"href":"https:\/\/shop.hostafarm.ch\/index.php\/wp-json\/wp\/v2\/comments?post=14587"}],"version-history":[{"count":4,"href":"https:\/\/shop.hostafarm.ch\/index.php\/wp-json\/wp\/v2\/product\/14587\/revisions"}],"predecessor-version":[{"id":14828,"href":"https:\/\/shop.hostafarm.ch\/index.php\/wp-json\/wp\/v2\/product\/14587\/revisions\/14828"}],"wp:featuredmedia":[{"embeddable":true,"href":"https:\/\/shop.hostafarm.ch\/index.php\/wp-json\/wp\/v2\/media\/14588"}],"wp:attachment":[{"href":"https:\/\/shop.hostafarm.ch\/index.php\/wp-json\/wp\/v2\/media?parent=14587"}],"wp:term":[{"taxonomy":"product_brand","embeddable":true,"href":"https:\/\/shop.hostafarm.ch\/index.php\/wp-json\/wp\/v2\/product_brand?post=14587"},{"taxonomy":"product_cat","embeddable":true,"href":"https:\/\/shop.hostafarm.ch\/index.php\/wp-json\/wp\/v2\/product_cat?post=14587"},{"taxonomy":"product_tag","embeddable":true,"href":"https:\/\/shop.hostafarm.ch\/index.php\/wp-json\/wp\/v2\/product_tag?post=14587"}],"curies":[{"name":"wp","href":"https:\/\/api.w.org\/{rel}","templated":true}]}}