{"id":14569,"date":"2024-06-27T13:20:44","date_gmt":"2024-06-27T13:20:44","guid":{"rendered":"https:\/\/shop.hostafarm.ch\/?post_type=product&#038;p=14569"},"modified":"2025-07-01T15:30:42","modified_gmt":"2025-07-01T15:30:42","slug":"hosta-orange-marmalde","status":"publish","type":"product","link":"https:\/\/shop.hostafarm.ch\/index.php\/produkt\/hosta-orange-marmalde\/","title":{"rendered":"Hosta Orange Marmalade"},"content":{"rendered":"","protected":false},"excerpt":{"rendered":"<p>Blaugr\u00fcnes Blatt mit orangegelbem Zentrum im Fr\u00fchjahr, sp\u00e4ter gelbweiss.<\/p>\n<p>Die Hosta Orange Marmalade hat gelbe Bl\u00e4tter mit einem unregelm\u00e4ssig dunkelgr\u00fcn-blaugrauem Blattrand.<br \/>\nSie bl\u00fcht lila.<br \/>\nH\u00f6he ca 60 -70 cm.<\/p>\n<p>Die Hosta wird wurzelnackt versendet.<br \/>\nKultiviert in einem 5-Litertopf.<\/p>\n","protected":false},"featured_media":14570,"comment_status":"open","ping_status":"closed","template":"","meta":[],"product_brand":[],"product_cat":[141,136],"product_tag":[],"class_list":{"0":"post-14569","1":"product","2":"type-product","3":"status-publish","4":"has-post-thumbnail","6":"product_cat-hosta-mit-gelbem-zentrum","7":"product_cat-mittelgrosse-hostas","9":"first","10":"instock","11":"shipping-taxable","12":"purchasable","13":"product-type-simple"},"_links":{"self":[{"href":"https:\/\/shop.hostafarm.ch\/index.php\/wp-json\/wp\/v2\/product\/14569","targetHints":{"allow":["GET"]}}],"collection":[{"href":"https:\/\/shop.hostafarm.ch\/index.php\/wp-json\/wp\/v2\/product"}],"about":[{"href":"https:\/\/shop.hostafarm.ch\/index.php\/wp-json\/wp\/v2\/types\/product"}],"replies":[{"embeddable":true,"href":"https:\/\/shop.hostafarm.ch\/index.php\/wp-json\/wp\/v2\/comments?post=14569"}],"version-history":[{"count":4,"href":"https:\/\/shop.hostafarm.ch\/index.php\/wp-json\/wp\/v2\/product\/14569\/revisions"}],"predecessor-version":[{"id":14861,"href":"https:\/\/shop.hostafarm.ch\/index.php\/wp-json\/wp\/v2\/product\/14569\/revisions\/14861"}],"wp:featuredmedia":[{"embeddable":true,"href":"https:\/\/shop.hostafarm.ch\/index.php\/wp-json\/wp\/v2\/media\/14570"}],"wp:attachment":[{"href":"https:\/\/shop.hostafarm.ch\/index.php\/wp-json\/wp\/v2\/media?parent=14569"}],"wp:term":[{"taxonomy":"product_brand","embeddable":true,"href":"https:\/\/shop.hostafarm.ch\/index.php\/wp-json\/wp\/v2\/product_brand?post=14569"},{"taxonomy":"product_cat","embeddable":true,"href":"https:\/\/shop.hostafarm.ch\/index.php\/wp-json\/wp\/v2\/product_cat?post=14569"},{"taxonomy":"product_tag","embeddable":true,"href":"https:\/\/shop.hostafarm.ch\/index.php\/wp-json\/wp\/v2\/product_tag?post=14569"}],"curies":[{"name":"wp","href":"https:\/\/api.w.org\/{rel}","templated":true}]}}