{"id":14565,"date":"2024-06-27T12:51:18","date_gmt":"2024-06-27T12:51:18","guid":{"rendered":"https:\/\/shop.hostafarm.ch\/?post_type=product&#038;p=14565"},"modified":"2025-06-24T12:33:14","modified_gmt":"2025-06-24T12:33:14","slug":"hosta-first-frost","status":"publish","type":"product","link":"https:\/\/shop.hostafarm.ch\/index.php\/produkt\/hosta-first-frost\/","title":{"rendered":"Hosta First Frost"},"content":{"rendered":"","protected":false},"excerpt":{"rendered":"<p>Herzf\u00f6rmige blaue Bl\u00e4tter mit gelbem bis creme-weissem Rand von fester Struktur. Die Randfarbe \u00e4ndert sich im Laufe der Saison- geht von gelb in creme \u00fcber. Eine herrliche kompakte Dauerpflanze.<\/p>\n<div class=\"description--element Bl-tenfarbe\" data-property=\"Bl\u00fctenfarbe\">\n<div class=\"element--title\">Bl\u00fctenfarbe: hell-violett<\/div>\n<\/div>\n<div class=\"description--element Bl-tezeit\" data-property=\"Bl\u00fctezeit\">\n<div class=\"element--title\">Bl\u00fctezeit: Juni \u2013 Juli<\/div>\n<\/div>\n<div class=\"description--element Laub\" data-property=\"Laub\">\n<div class=\"element--title\">Laub: Blatt blau, gelber Rand<\/div>\n<\/div>\n<div class=\"description--element H-he-cm-\" data-property=\"H\u00f6he (cm)\">\n<div class=\"element--title\">H\u00f6he 40 \u2013 50 cm<br \/>\n<strong>Kultiviert in grossem 5-Liter Topf: <\/strong><br \/>\n<strong>Lieferung als grosse Pflanze.<\/strong><\/div>\n<div>Auch erh\u00e4ltlich im \u00f8 30 Topf,<br \/>\nzur Abholung in der Hostafarm<\/div>\n<\/div>\n","protected":false},"featured_media":14567,"comment_status":"open","ping_status":"closed","template":"","meta":[],"product_brand":[],"product_cat":[140,136],"product_tag":[],"class_list":{"0":"post-14565","1":"product","2":"type-product","3":"status-publish","4":"has-post-thumbnail","6":"product_cat-hosta-mit-gelben-rand","7":"product_cat-mittelgrosse-hostas","9":"first","10":"instock","11":"shipping-taxable","12":"purchasable","13":"product-type-simple"},"_links":{"self":[{"href":"https:\/\/shop.hostafarm.ch\/index.php\/wp-json\/wp\/v2\/product\/14565","targetHints":{"allow":["GET"]}}],"collection":[{"href":"https:\/\/shop.hostafarm.ch\/index.php\/wp-json\/wp\/v2\/product"}],"about":[{"href":"https:\/\/shop.hostafarm.ch\/index.php\/wp-json\/wp\/v2\/types\/product"}],"replies":[{"embeddable":true,"href":"https:\/\/shop.hostafarm.ch\/index.php\/wp-json\/wp\/v2\/comments?post=14565"}],"version-history":[{"count":6,"href":"https:\/\/shop.hostafarm.ch\/index.php\/wp-json\/wp\/v2\/product\/14565\/revisions"}],"predecessor-version":[{"id":14607,"href":"https:\/\/shop.hostafarm.ch\/index.php\/wp-json\/wp\/v2\/product\/14565\/revisions\/14607"}],"wp:featuredmedia":[{"embeddable":true,"href":"https:\/\/shop.hostafarm.ch\/index.php\/wp-json\/wp\/v2\/media\/14567"}],"wp:attachment":[{"href":"https:\/\/shop.hostafarm.ch\/index.php\/wp-json\/wp\/v2\/media?parent=14565"}],"wp:term":[{"taxonomy":"product_brand","embeddable":true,"href":"https:\/\/shop.hostafarm.ch\/index.php\/wp-json\/wp\/v2\/product_brand?post=14565"},{"taxonomy":"product_cat","embeddable":true,"href":"https:\/\/shop.hostafarm.ch\/index.php\/wp-json\/wp\/v2\/product_cat?post=14565"},{"taxonomy":"product_tag","embeddable":true,"href":"https:\/\/shop.hostafarm.ch\/index.php\/wp-json\/wp\/v2\/product_tag?post=14565"}],"curies":[{"name":"wp","href":"https:\/\/api.w.org\/{rel}","templated":true}]}}