{"id":14492,"date":"2024-06-27T12:02:27","date_gmt":"2024-06-27T12:02:27","guid":{"rendered":"https:\/\/shop.hostafarm.ch\/?post_type=product&#038;p=14492"},"modified":"2026-03-31T08:22:05","modified_gmt":"2026-03-31T08:22:05","slug":"hosta-ann-kulpa","status":"publish","type":"product","link":"https:\/\/shop.hostafarm.ch\/index.php\/produkt\/hosta-ann-kulpa\/","title":{"rendered":"Hosta &#8218;Ann Kulpa&#8216;"},"content":{"rendered":"","protected":false},"excerpt":{"rendered":"<p>Die gr\u00fcnen Bl\u00e4tter haben in der Mitte ein ausgepr\u00e4gtes cremefarbenes Zentrum, das sp\u00e4ter in der Saison verbleicht\u00a0 und in weiss \u00fcbergeht. Die Hosta Ann Kulpa hat fast weisse Bl\u00fcten, Bl\u00fctezeit ab Juli.<br \/>\nSteifes Blatt, eine der besseren Hostas mit wei\u00dfem Zentrum.<br \/>\nH\u00f6he 40-50 cm<\/p>\n","protected":false},"featured_media":14494,"comment_status":"open","ping_status":"closed","template":"","meta":[],"product_brand":[],"product_cat":[138,139,136],"product_tag":[],"class_list":{"0":"post-14492","1":"product","2":"type-product","3":"status-publish","4":"has-post-thumbnail","6":"product_cat-grosse-hostas","7":"product_cat-hosta-weisses-zentrum","8":"product_cat-mittelgrosse-hostas","10":"first","11":"instock","12":"shipping-taxable","13":"purchasable","14":"product-type-simple"},"_links":{"self":[{"href":"https:\/\/shop.hostafarm.ch\/index.php\/wp-json\/wp\/v2\/product\/14492","targetHints":{"allow":["GET"]}}],"collection":[{"href":"https:\/\/shop.hostafarm.ch\/index.php\/wp-json\/wp\/v2\/product"}],"about":[{"href":"https:\/\/shop.hostafarm.ch\/index.php\/wp-json\/wp\/v2\/types\/product"}],"replies":[{"embeddable":true,"href":"https:\/\/shop.hostafarm.ch\/index.php\/wp-json\/wp\/v2\/comments?post=14492"}],"version-history":[{"count":6,"href":"https:\/\/shop.hostafarm.ch\/index.php\/wp-json\/wp\/v2\/product\/14492\/revisions"}],"predecessor-version":[{"id":14613,"href":"https:\/\/shop.hostafarm.ch\/index.php\/wp-json\/wp\/v2\/product\/14492\/revisions\/14613"}],"wp:featuredmedia":[{"embeddable":true,"href":"https:\/\/shop.hostafarm.ch\/index.php\/wp-json\/wp\/v2\/media\/14494"}],"wp:attachment":[{"href":"https:\/\/shop.hostafarm.ch\/index.php\/wp-json\/wp\/v2\/media?parent=14492"}],"wp:term":[{"taxonomy":"product_brand","embeddable":true,"href":"https:\/\/shop.hostafarm.ch\/index.php\/wp-json\/wp\/v2\/product_brand?post=14492"},{"taxonomy":"product_cat","embeddable":true,"href":"https:\/\/shop.hostafarm.ch\/index.php\/wp-json\/wp\/v2\/product_cat?post=14492"},{"taxonomy":"product_tag","embeddable":true,"href":"https:\/\/shop.hostafarm.ch\/index.php\/wp-json\/wp\/v2\/product_tag?post=14492"}],"curies":[{"name":"wp","href":"https:\/\/api.w.org\/{rel}","templated":true}]}}